{"id":829,"date":"2015-12-30T19:22:17","date_gmt":"2015-12-30T18:22:17","guid":{"rendered":"http:\/\/tompoky.cz\/?page_id=829"},"modified":"2017-02-12T15:35:25","modified_gmt":"2017-02-12T14:35:25","slug":"vanocni-oldies-slava-bloch-25-12-2015","status":"publish","type":"page","link":"https:\/\/tompoky.cz\/?page_id=829","title":{"rendered":"V\u00e1no\u010dn\u00ed OLDIES &#8211; Sl\u00e1va BLOCH 25.12.2015"},"content":{"rendered":"<p><div class=\"nextgen_pro_thumbnail_grid\" id=\"displayed_gallery_830\"><div id=\"ngg-image-0\" class=\"image-wrapper\"><a href=\"https:\/\/tompoky.cz\/wp-content\/gallery\/vanocni-oldies-slava-bloch-25-12-2015\/455A4452.JPG\"\n               title=\"\"\n               data-src=\"https:\/\/tompoky.cz\/wp-content\/gallery\/vanocni-oldies-slava-bloch-25-12-2015\/455A4452.JPG\"\n               data-thumbnail=\"https:\/\/tompoky.cz\/wp-content\/gallery\/vanocni-oldies-slava-bloch-25-12-2015\/thumbs\/thumbs_455A4452.JPG\"\n               data-image-id=\"197\"\n               data-title=\"455A4452\"\n               data-description=\"\"\n               class=\"ngg-fancybox\" rel=\"830\"><picture><source srcset='https:\/\/tompoky.cz\/wp-content\/gallery\/vanocni-oldies-slava-bloch-25-12-2015\/thumbs\/thumbs_455A4452.JPG' media=''><img title=\"455A4452\" alt=\"455A4452\" style=\"max-width:none\" width=\"240\" height=\"160\" srcset=\"https:\/\/tompoky.cz\/wp-content\/gallery\/vanocni-oldies-slava-bloch-25-12-2015\/thumbs\/thumbs_455A4452.JPG\"\/><\/picture>                <noscript><img src=\"https:\/\/tompoky.cz\/wp-content\/gallery\/vanocni-oldies-slava-bloch-25-12-2015\/thumbs\/thumbs_455A4452.JPG\"\n                         title=\"455A4452\"\n                         alt=\"455A4452\"\n                         width=\"240\"\n                         height=\"160\"\n                         style=\"max-width:none\"\/><\/noscript><\/a><\/div><div id=\"ngg-image-1\" class=\"image-wrapper\"><a href=\"https:\/\/tompoky.cz\/wp-content\/gallery\/vanocni-oldies-slava-bloch-25-12-2015\/455A4454.JPG\"\n               title=\"\"\n               data-src=\"https:\/\/tompoky.cz\/wp-content\/gallery\/vanocni-oldies-slava-bloch-25-12-2015\/455A4454.JPG\"\n               data-thumbnail=\"https:\/\/tompoky.cz\/wp-content\/gallery\/vanocni-oldies-slava-bloch-25-12-2015\/thumbs\/thumbs_455A4454.JPG\"\n               data-image-id=\"198\"\n               data-title=\"455A4454\"\n               data-description=\"\"\n               class=\"ngg-fancybox\" rel=\"830\"><picture><source srcset='https:\/\/tompoky.cz\/wp-content\/gallery\/vanocni-oldies-slava-bloch-25-12-2015\/thumbs\/thumbs_455A4454.JPG' media=''><img title=\"455A4454\" alt=\"455A4454\" style=\"max-width:none\" width=\"240\" height=\"160\" srcset=\"https:\/\/tompoky.cz\/wp-content\/gallery\/vanocni-oldies-slava-bloch-25-12-2015\/thumbs\/thumbs_455A4454.JPG\"\/><\/picture>                <noscript><img src=\"https:\/\/tompoky.cz\/wp-content\/gallery\/vanocni-oldies-slava-bloch-25-12-2015\/thumbs\/thumbs_455A4454.JPG\"\n                         title=\"455A4454\"\n                         alt=\"455A4454\"\n                         width=\"240\"\n                         height=\"160\"\n                         style=\"max-width:none\"\/><\/noscript><\/a><\/div><div id=\"ngg-image-2\" class=\"image-wrapper\"><a href=\"https:\/\/tompoky.cz\/wp-content\/gallery\/vanocni-oldies-slava-bloch-25-12-2015\/455A4457.JPG\"\n               title=\"\"\n               data-src=\"https:\/\/tompoky.cz\/wp-content\/gallery\/vanocni-oldies-slava-bloch-25-12-2015\/455A4457.JPG\"\n               data-thumbnail=\"https:\/\/tompoky.cz\/wp-content\/gallery\/vanocni-oldies-slava-bloch-25-12-2015\/thumbs\/thumbs_455A4457.JPG\"\n               data-image-id=\"199\"\n               data-title=\"455A4457\"\n               data-description=\"\"\n               class=\"ngg-fancybox\" rel=\"830\"><picture><source srcset='https:\/\/tompoky.cz\/wp-content\/gallery\/vanocni-oldies-slava-bloch-25-12-2015\/thumbs\/thumbs_455A4457.JPG' media=''><img title=\"455A4457\" alt=\"455A4457\" style=\"max-width:none\" width=\"240\" height=\"160\" srcset=\"https:\/\/tompoky.cz\/wp-content\/gallery\/vanocni-oldies-slava-bloch-25-12-2015\/thumbs\/thumbs_455A4457.JPG\"\/><\/picture>                <noscript><img src=\"https:\/\/tompoky.cz\/wp-content\/gallery\/vanocni-oldies-slava-bloch-25-12-2015\/thumbs\/thumbs_455A4457.JPG\"\n                         title=\"455A4457\"\n                         alt=\"455A4457\"\n                         width=\"240\"\n                         height=\"160\"\n                         style=\"max-width:none\"\/><\/noscript><\/a><\/div><div id=\"ngg-image-3\" class=\"image-wrapper\"><a href=\"https:\/\/tompoky.cz\/wp-content\/gallery\/vanocni-oldies-slava-bloch-25-12-2015\/455A4460.JPG\"\n               title=\"\"\n               data-src=\"https:\/\/tompoky.cz\/wp-content\/gallery\/vanocni-oldies-slava-bloch-25-12-2015\/455A4460.JPG\"\n               data-thumbnail=\"https:\/\/tompoky.cz\/wp-content\/gallery\/vanocni-oldies-slava-bloch-25-12-2015\/thumbs\/thumbs_455A4460.JPG\"\n               data-image-id=\"200\"\n               data-title=\"455A4460\"\n               data-description=\"\"\n               class=\"ngg-fancybox\" rel=\"830\"><picture><source srcset='https:\/\/tompoky.cz\/wp-content\/gallery\/vanocni-oldies-slava-bloch-25-12-2015\/thumbs\/thumbs_455A4460.JPG' media=''><img title=\"455A4460\" alt=\"455A4460\" style=\"max-width:none\" width=\"240\" height=\"160\" srcset=\"https:\/\/tompoky.cz\/wp-content\/gallery\/vanocni-oldies-slava-bloch-25-12-2015\/thumbs\/thumbs_455A4460.JPG\"\/><\/picture>                <noscript><img src=\"https:\/\/tompoky.cz\/wp-content\/gallery\/vanocni-oldies-slava-bloch-25-12-2015\/thumbs\/thumbs_455A4460.JPG\"\n                         title=\"455A4460\"\n                         alt=\"455A4460\"\n                         width=\"240\"\n                         height=\"160\"\n                         style=\"max-width:none\"\/><\/noscript><\/a><\/div><div id=\"ngg-image-4\" class=\"image-wrapper\"><a href=\"https:\/\/tompoky.cz\/wp-content\/gallery\/vanocni-oldies-slava-bloch-25-12-2015\/455A4474.JPG\"\n               title=\"\"\n               data-src=\"https:\/\/tompoky.cz\/wp-content\/gallery\/vanocni-oldies-slava-bloch-25-12-2015\/455A4474.JPG\"\n               data-thumbnail=\"https:\/\/tompoky.cz\/wp-content\/gallery\/vanocni-oldies-slava-bloch-25-12-2015\/thumbs\/thumbs_455A4474.JPG\"\n               data-image-id=\"201\"\n               data-title=\"455A4474\"\n               data-description=\"\"\n               class=\"ngg-fancybox\" rel=\"830\"><picture><source srcset='https:\/\/tompoky.cz\/wp-content\/gallery\/vanocni-oldies-slava-bloch-25-12-2015\/thumbs\/thumbs_455A4474.JPG' media=''><img title=\"455A4474\" alt=\"455A4474\" style=\"max-width:none\" width=\"240\" height=\"160\" srcset=\"https:\/\/tompoky.cz\/wp-content\/gallery\/vanocni-oldies-slava-bloch-25-12-2015\/thumbs\/thumbs_455A4474.JPG\"\/><\/picture>                <noscript><img src=\"https:\/\/tompoky.cz\/wp-content\/gallery\/vanocni-oldies-slava-bloch-25-12-2015\/thumbs\/thumbs_455A4474.JPG\"\n                         title=\"455A4474\"\n                         alt=\"455A4474\"\n                         width=\"240\"\n                         height=\"160\"\n                         style=\"max-width:none\"\/><\/noscript><\/a><\/div><div id=\"ngg-image-5\" class=\"image-wrapper\"><a href=\"https:\/\/tompoky.cz\/wp-content\/gallery\/vanocni-oldies-slava-bloch-25-12-2015\/455A4475.JPG\"\n               title=\"\"\n               data-src=\"https:\/\/tompoky.cz\/wp-content\/gallery\/vanocni-oldies-slava-bloch-25-12-2015\/455A4475.JPG\"\n               data-thumbnail=\"https:\/\/tompoky.cz\/wp-content\/gallery\/vanocni-oldies-slava-bloch-25-12-2015\/thumbs\/thumbs_455A4475.JPG\"\n               data-image-id=\"202\"\n               data-title=\"455A4475\"\n               data-description=\"\"\n               class=\"ngg-fancybox\" rel=\"830\"><picture><source srcset='https:\/\/tompoky.cz\/wp-content\/gallery\/vanocni-oldies-slava-bloch-25-12-2015\/thumbs\/thumbs_455A4475.JPG' media=''><img title=\"455A4475\" alt=\"455A4475\" style=\"max-width:none\" width=\"240\" height=\"160\" srcset=\"https:\/\/tompoky.cz\/wp-content\/gallery\/vanocni-oldies-slava-bloch-25-12-2015\/thumbs\/thumbs_455A4475.JPG\"\/><\/picture>                <noscript><img src=\"https:\/\/tompoky.cz\/wp-content\/gallery\/vanocni-oldies-slava-bloch-25-12-2015\/thumbs\/thumbs_455A4475.JPG\"\n                         title=\"455A4475\"\n                         alt=\"455A4475\"\n                         width=\"240\"\n                         height=\"160\"\n                         style=\"max-width:none\"\/><\/noscript><\/a><\/div><div id=\"ngg-image-6\" class=\"image-wrapper\"><a href=\"https:\/\/tompoky.cz\/wp-content\/gallery\/vanocni-oldies-slava-bloch-25-12-2015\/455A4478.JPG\"\n               title=\"\"\n               data-src=\"https:\/\/tompoky.cz\/wp-content\/gallery\/vanocni-oldies-slava-bloch-25-12-2015\/455A4478.JPG\"\n               data-thumbnail=\"https:\/\/tompoky.cz\/wp-content\/gallery\/vanocni-oldies-slava-bloch-25-12-2015\/thumbs\/thumbs_455A4478.JPG\"\n               data-image-id=\"203\"\n               data-title=\"455A4478\"\n               data-description=\"\"\n               class=\"ngg-fancybox\" rel=\"830\"><picture><source srcset='https:\/\/tompoky.cz\/wp-content\/gallery\/vanocni-oldies-slava-bloch-25-12-2015\/thumbs\/thumbs_455A4478.JPG' media=''><img title=\"455A4478\" alt=\"455A4478\" style=\"max-width:none\" width=\"240\" height=\"160\" srcset=\"https:\/\/tompoky.cz\/wp-content\/gallery\/vanocni-oldies-slava-bloch-25-12-2015\/thumbs\/thumbs_455A4478.JPG\"\/><\/picture>                <noscript><img src=\"https:\/\/tompoky.cz\/wp-content\/gallery\/vanocni-oldies-slava-bloch-25-12-2015\/thumbs\/thumbs_455A4478.JPG\"\n                         title=\"455A4478\"\n                         alt=\"455A4478\"\n                         width=\"240\"\n                         height=\"160\"\n                         style=\"max-width:none\"\/><\/noscript><\/a><\/div><div id=\"ngg-image-7\" class=\"image-wrapper\"><a href=\"https:\/\/tompoky.cz\/wp-content\/gallery\/vanocni-oldies-slava-bloch-25-12-2015\/455A4481.JPG\"\n               title=\"\"\n               data-src=\"https:\/\/tompoky.cz\/wp-content\/gallery\/vanocni-oldies-slava-bloch-25-12-2015\/455A4481.JPG\"\n               data-thumbnail=\"https:\/\/tompoky.cz\/wp-content\/gallery\/vanocni-oldies-slava-bloch-25-12-2015\/thumbs\/thumbs_455A4481.JPG\"\n               data-image-id=\"204\"\n               data-title=\"455A4481\"\n               data-description=\"\"\n               class=\"ngg-fancybox\" rel=\"830\"><picture><source srcset='https:\/\/tompoky.cz\/wp-content\/gallery\/vanocni-oldies-slava-bloch-25-12-2015\/thumbs\/thumbs_455A4481.JPG' media=''><img title=\"455A4481\" alt=\"455A4481\" style=\"max-width:none\" width=\"240\" height=\"160\" srcset=\"https:\/\/tompoky.cz\/wp-content\/gallery\/vanocni-oldies-slava-bloch-25-12-2015\/thumbs\/thumbs_455A4481.JPG\"\/><\/picture>                <noscript><img src=\"https:\/\/tompoky.cz\/wp-content\/gallery\/vanocni-oldies-slava-bloch-25-12-2015\/thumbs\/thumbs_455A4481.JPG\"\n                         title=\"455A4481\"\n                         alt=\"455A4481\"\n                         width=\"240\"\n                         height=\"160\"\n                         style=\"max-width:none\"\/><\/noscript><\/a><\/div><div id=\"ngg-image-8\" class=\"image-wrapper\"><a href=\"https:\/\/tompoky.cz\/wp-content\/gallery\/vanocni-oldies-slava-bloch-25-12-2015\/455A4485.JPG\"\n               title=\"\"\n               data-src=\"https:\/\/tompoky.cz\/wp-content\/gallery\/vanocni-oldies-slava-bloch-25-12-2015\/455A4485.JPG\"\n               data-thumbnail=\"https:\/\/tompoky.cz\/wp-content\/gallery\/vanocni-oldies-slava-bloch-25-12-2015\/thumbs\/thumbs_455A4485.JPG\"\n               data-image-id=\"205\"\n               data-title=\"455A4485\"\n               data-description=\"\"\n               class=\"ngg-fancybox\" rel=\"830\"><picture><source srcset='https:\/\/tompoky.cz\/wp-content\/gallery\/vanocni-oldies-slava-bloch-25-12-2015\/thumbs\/thumbs_455A4485.JPG' media=''><img title=\"455A4485\" alt=\"455A4485\" style=\"max-width:none\" width=\"240\" height=\"160\" srcset=\"https:\/\/tompoky.cz\/wp-content\/gallery\/vanocni-oldies-slava-bloch-25-12-2015\/thumbs\/thumbs_455A4485.JPG\"\/><\/picture>                <noscript><img src=\"https:\/\/tompoky.cz\/wp-content\/gallery\/vanocni-oldies-slava-bloch-25-12-2015\/thumbs\/thumbs_455A4485.JPG\"\n                         title=\"455A4485\"\n                         alt=\"455A4485\"\n                         width=\"240\"\n                         height=\"160\"\n                         style=\"max-width:none\"\/><\/noscript><\/a><\/div><div id=\"ngg-image-9\" class=\"image-wrapper\"><a href=\"https:\/\/tompoky.cz\/wp-content\/gallery\/vanocni-oldies-slava-bloch-25-12-2015\/455A4486.JPG\"\n               title=\"\"\n               data-src=\"https:\/\/tompoky.cz\/wp-content\/gallery\/vanocni-oldies-slava-bloch-25-12-2015\/455A4486.JPG\"\n               data-thumbnail=\"https:\/\/tompoky.cz\/wp-content\/gallery\/vanocni-oldies-slava-bloch-25-12-2015\/thumbs\/thumbs_455A4486.JPG\"\n               data-image-id=\"206\"\n               data-title=\"455A4486\"\n               data-description=\"\"\n               class=\"ngg-fancybox\" rel=\"830\"><picture><source srcset='https:\/\/tompoky.cz\/wp-content\/gallery\/vanocni-oldies-slava-bloch-25-12-2015\/thumbs\/thumbs_455A4486.JPG' media=''><img title=\"455A4486\" alt=\"455A4486\" style=\"max-width:none\" width=\"240\" height=\"160\" srcset=\"https:\/\/tompoky.cz\/wp-content\/gallery\/vanocni-oldies-slava-bloch-25-12-2015\/thumbs\/thumbs_455A4486.JPG\"\/><\/picture>                <noscript><img src=\"https:\/\/tompoky.cz\/wp-content\/gallery\/vanocni-oldies-slava-bloch-25-12-2015\/thumbs\/thumbs_455A4486.JPG\"\n                         title=\"455A4486\"\n                         alt=\"455A4486\"\n                         width=\"240\"\n                         height=\"160\"\n                         style=\"max-width:none\"\/><\/noscript><\/a><\/div><div id=\"ngg-image-10\" class=\"image-wrapper\"><a href=\"https:\/\/tompoky.cz\/wp-content\/gallery\/vanocni-oldies-slava-bloch-25-12-2015\/455A4487.JPG\"\n               title=\"\"\n               data-src=\"https:\/\/tompoky.cz\/wp-content\/gallery\/vanocni-oldies-slava-bloch-25-12-2015\/455A4487.JPG\"\n               data-thumbnail=\"https:\/\/tompoky.cz\/wp-content\/gallery\/vanocni-oldies-slava-bloch-25-12-2015\/thumbs\/thumbs_455A4487.JPG\"\n               data-image-id=\"207\"\n               data-title=\"455A4487\"\n               data-description=\"\"\n               class=\"ngg-fancybox\" rel=\"830\"><picture><source srcset='https:\/\/tompoky.cz\/wp-content\/gallery\/vanocni-oldies-slava-bloch-25-12-2015\/thumbs\/thumbs_455A4487.JPG' media=''><img title=\"455A4487\" alt=\"455A4487\" style=\"max-width:none\" width=\"240\" height=\"160\" srcset=\"https:\/\/tompoky.cz\/wp-content\/gallery\/vanocni-oldies-slava-bloch-25-12-2015\/thumbs\/thumbs_455A4487.JPG\"\/><\/picture>                <noscript><img src=\"https:\/\/tompoky.cz\/wp-content\/gallery\/vanocni-oldies-slava-bloch-25-12-2015\/thumbs\/thumbs_455A4487.JPG\"\n                         title=\"455A4487\"\n                         alt=\"455A4487\"\n                         width=\"240\"\n                         height=\"160\"\n                         style=\"max-width:none\"\/><\/noscript><\/a><\/div><div id=\"ngg-image-11\" class=\"image-wrapper\"><a href=\"https:\/\/tompoky.cz\/wp-content\/gallery\/vanocni-oldies-slava-bloch-25-12-2015\/455A4490.JPG\"\n               title=\"\"\n               data-src=\"https:\/\/tompoky.cz\/wp-content\/gallery\/vanocni-oldies-slava-bloch-25-12-2015\/455A4490.JPG\"\n               data-thumbnail=\"https:\/\/tompoky.cz\/wp-content\/gallery\/vanocni-oldies-slava-bloch-25-12-2015\/thumbs\/thumbs_455A4490.JPG\"\n               data-image-id=\"208\"\n               data-title=\"455A4490\"\n               data-description=\"\"\n               class=\"ngg-fancybox\" rel=\"830\"><picture><source srcset='https:\/\/tompoky.cz\/wp-content\/gallery\/vanocni-oldies-slava-bloch-25-12-2015\/thumbs\/thumbs_455A4490.JPG' media=''><img title=\"455A4490\" alt=\"455A4490\" style=\"max-width:none\" width=\"240\" height=\"160\" srcset=\"https:\/\/tompoky.cz\/wp-content\/gallery\/vanocni-oldies-slava-bloch-25-12-2015\/thumbs\/thumbs_455A4490.JPG\"\/><\/picture>                <noscript><img src=\"https:\/\/tompoky.cz\/wp-content\/gallery\/vanocni-oldies-slava-bloch-25-12-2015\/thumbs\/thumbs_455A4490.JPG\"\n                         title=\"455A4490\"\n                         alt=\"455A4490\"\n                         width=\"240\"\n                         height=\"160\"\n                         style=\"max-width:none\"\/><\/noscript><\/a><\/div><div id=\"ngg-image-12\" class=\"image-wrapper\"><a href=\"https:\/\/tompoky.cz\/wp-content\/gallery\/vanocni-oldies-slava-bloch-25-12-2015\/455A4494.JPG\"\n               title=\"\"\n               data-src=\"https:\/\/tompoky.cz\/wp-content\/gallery\/vanocni-oldies-slava-bloch-25-12-2015\/455A4494.JPG\"\n               data-thumbnail=\"https:\/\/tompoky.cz\/wp-content\/gallery\/vanocni-oldies-slava-bloch-25-12-2015\/thumbs\/thumbs_455A4494.JPG\"\n               data-image-id=\"209\"\n               data-title=\"455A4494\"\n               data-description=\"\"\n               class=\"ngg-fancybox\" rel=\"830\"><picture><source srcset='https:\/\/tompoky.cz\/wp-content\/gallery\/vanocni-oldies-slava-bloch-25-12-2015\/thumbs\/thumbs_455A4494.JPG' media=''><img title=\"455A4494\" alt=\"455A4494\" style=\"max-width:none\" width=\"240\" height=\"160\" srcset=\"https:\/\/tompoky.cz\/wp-content\/gallery\/vanocni-oldies-slava-bloch-25-12-2015\/thumbs\/thumbs_455A4494.JPG\"\/><\/picture>                <noscript><img src=\"https:\/\/tompoky.cz\/wp-content\/gallery\/vanocni-oldies-slava-bloch-25-12-2015\/thumbs\/thumbs_455A4494.JPG\"\n                         title=\"455A4494\"\n                         alt=\"455A4494\"\n                         width=\"240\"\n                         height=\"160\"\n                         style=\"max-width:none\"\/><\/noscript><\/a><\/div><div id=\"ngg-image-13\" class=\"image-wrapper\"><a href=\"https:\/\/tompoky.cz\/wp-content\/gallery\/vanocni-oldies-slava-bloch-25-12-2015\/455A4495.JPG\"\n               title=\"\"\n               data-src=\"https:\/\/tompoky.cz\/wp-content\/gallery\/vanocni-oldies-slava-bloch-25-12-2015\/455A4495.JPG\"\n               data-thumbnail=\"https:\/\/tompoky.cz\/wp-content\/gallery\/vanocni-oldies-slava-bloch-25-12-2015\/thumbs\/thumbs_455A4495.JPG\"\n               data-image-id=\"210\"\n               data-title=\"455A4495\"\n               data-description=\"\"\n               class=\"ngg-fancybox\" rel=\"830\"><picture><source srcset='https:\/\/tompoky.cz\/wp-content\/gallery\/vanocni-oldies-slava-bloch-25-12-2015\/thumbs\/thumbs_455A4495.JPG' media=''><img title=\"455A4495\" alt=\"455A4495\" style=\"max-width:none\" width=\"240\" height=\"160\" srcset=\"https:\/\/tompoky.cz\/wp-content\/gallery\/vanocni-oldies-slava-bloch-25-12-2015\/thumbs\/thumbs_455A4495.JPG\"\/><\/picture>                <noscript><img src=\"https:\/\/tompoky.cz\/wp-content\/gallery\/vanocni-oldies-slava-bloch-25-12-2015\/thumbs\/thumbs_455A4495.JPG\"\n                         title=\"455A4495\"\n                         alt=\"455A4495\"\n                         width=\"240\"\n                         height=\"160\"\n                         style=\"max-width:none\"\/><\/noscript><\/a><\/div><div id=\"ngg-image-14\" class=\"image-wrapper\"><a href=\"https:\/\/tompoky.cz\/wp-content\/gallery\/vanocni-oldies-slava-bloch-25-12-2015\/455A4496.JPG\"\n               title=\"\"\n               data-src=\"https:\/\/tompoky.cz\/wp-content\/gallery\/vanocni-oldies-slava-bloch-25-12-2015\/455A4496.JPG\"\n               data-thumbnail=\"https:\/\/tompoky.cz\/wp-content\/gallery\/vanocni-oldies-slava-bloch-25-12-2015\/thumbs\/thumbs_455A4496.JPG\"\n               data-image-id=\"211\"\n               data-title=\"455A4496\"\n               data-description=\"\"\n               class=\"ngg-fancybox\" rel=\"830\"><picture><source srcset='https:\/\/tompoky.cz\/wp-content\/gallery\/vanocni-oldies-slava-bloch-25-12-2015\/thumbs\/thumbs_455A4496.JPG' media=''><img title=\"455A4496\" alt=\"455A4496\" style=\"max-width:none\" width=\"240\" height=\"160\" srcset=\"https:\/\/tompoky.cz\/wp-content\/gallery\/vanocni-oldies-slava-bloch-25-12-2015\/thumbs\/thumbs_455A4496.JPG\"\/><\/picture>                <noscript><img src=\"https:\/\/tompoky.cz\/wp-content\/gallery\/vanocni-oldies-slava-bloch-25-12-2015\/thumbs\/thumbs_455A4496.JPG\"\n                         title=\"455A4496\"\n                         alt=\"455A4496\"\n                         width=\"240\"\n                         height=\"160\"\n                         style=\"max-width:none\"\/><\/noscript><\/a><\/div><div id=\"ngg-image-15\" class=\"image-wrapper\"><a href=\"https:\/\/tompoky.cz\/wp-content\/gallery\/vanocni-oldies-slava-bloch-25-12-2015\/455A4497.JPG\"\n               title=\"\"\n               data-src=\"https:\/\/tompoky.cz\/wp-content\/gallery\/vanocni-oldies-slava-bloch-25-12-2015\/455A4497.JPG\"\n               data-thumbnail=\"https:\/\/tompoky.cz\/wp-content\/gallery\/vanocni-oldies-slava-bloch-25-12-2015\/thumbs\/thumbs_455A4497.JPG\"\n               data-image-id=\"282\"\n               data-title=\"455A4497\"\n               data-description=\"\"\n               class=\"ngg-fancybox\" rel=\"830\"><picture><source srcset='https:\/\/tompoky.cz\/wp-content\/gallery\/vanocni-oldies-slava-bloch-25-12-2015\/thumbs\/thumbs_455A4497.JPG' media=''><img title=\"455A4497\" alt=\"455A4497\" style=\"max-width:none\" width=\"240\" height=\"160\" srcset=\"https:\/\/tompoky.cz\/wp-content\/gallery\/vanocni-oldies-slava-bloch-25-12-2015\/thumbs\/thumbs_455A4497.JPG\"\/><\/picture>                <noscript><img src=\"https:\/\/tompoky.cz\/wp-content\/gallery\/vanocni-oldies-slava-bloch-25-12-2015\/thumbs\/thumbs_455A4497.JPG\"\n                         title=\"455A4497\"\n                         alt=\"455A4497\"\n                         width=\"240\"\n                         height=\"160\"\n                         style=\"max-width:none\"\/><\/noscript><\/a><\/div><div class='ngg-clear'><\/div><\/div>\n<\/p>\n","protected":false},"excerpt":{"rendered":"","protected":false},"author":4,"featured_media":0,"parent":11567,"menu_order":9999,"comment_status":"open","ping_status":"closed","template":"","meta":{"_mi_skip_tracking":false,"ngg_post_thumbnail":0},"_links":{"self":[{"href":"https:\/\/tompoky.cz\/index.php?rest_route=\/wp\/v2\/pages\/829"}],"collection":[{"href":"https:\/\/tompoky.cz\/index.php?rest_route=\/wp\/v2\/pages"}],"about":[{"href":"https:\/\/tompoky.cz\/index.php?rest_route=\/wp\/v2\/types\/page"}],"author":[{"embeddable":true,"href":"https:\/\/tompoky.cz\/index.php?rest_route=\/wp\/v2\/users\/4"}],"replies":[{"embeddable":true,"href":"https:\/\/tompoky.cz\/index.php?rest_route=%2Fwp%2Fv2%2Fcomments&post=829"}],"version-history":[{"count":2,"href":"https:\/\/tompoky.cz\/index.php?rest_route=\/wp\/v2\/pages\/829\/revisions"}],"predecessor-version":[{"id":11572,"href":"https:\/\/tompoky.cz\/index.php?rest_route=\/wp\/v2\/pages\/829\/revisions\/11572"}],"up":[{"embeddable":true,"href":"https:\/\/tompoky.cz\/index.php?rest_route=\/wp\/v2\/pages\/11567"}],"wp:attachment":[{"href":"https:\/\/tompoky.cz\/index.php?rest_route=%2Fwp%2Fv2%2Fmedia&parent=829"}],"curies":[{"name":"wp","href":"https:\/\/api.w.org\/{rel}","templated":true}]}}