{"id":22207,"date":"2022-02-13T12:02:15","date_gmt":"2022-02-13T11:02:15","guid":{"rendered":"http:\/\/tompoky.cz\/?page_id=22207"},"modified":"2022-02-13T12:11:20","modified_gmt":"2022-02-13T11:11:20","slug":"2022-2","status":"publish","type":"page","link":"https:\/\/tompoky.cz\/?page_id=22207","title":{"rendered":"2022"},"content":{"rendered":"\n<div class=\"ngg-pro-album nextgen_pro_list_album\" id=\"displayed_gallery_7bf8f0da478d4cfabe919f960c7c7984\">\n            <div class='image_container'>\n            <a href=\"https:\/\/tompoky.cz\/?page_id=22600\"\n               title=\"\"\n               class=\"gallery_link\"\n                                >\n                <picture>\n\t\n<source srcset='https:\/\/tompoky.cz\/wp-content\/gallery\/vanocni-besidka-14-17-12-2022\/thumbs\/thumbs_455A4155.JPG' media=''>\n<img class=\"gallery_preview\" title=\"455A4155\" alt=\"455A4155\" style=\"max-width:none\" width=\"240\" height=\"160\" srcset=\"https:\/\/tompoky.cz\/wp-content\/gallery\/vanocni-besidka-14-17-12-2022\/thumbs\/thumbs_455A4155.JPG\"\/>\n<\/picture>            <\/a>\n            <a href=\"https:\/\/tompoky.cz\/?page_id=22600\"\n               title=\"V\u00e1no\u010dn\u00ed bes\u00eddka 14.  17.12.2022\"\n               class=\"caption_link\" >V\u00e1no\u010dn\u00ed bes\u00eddka 14.  17.12.2022<\/a>\n            <div class=\"image_description\"><\/div>\n            <br class=\"clear\"\/>\n        <\/div>\n                    <div class='image_container'>\n            <a href=\"https:\/\/tompoky.cz\/?page_id=22564\"\n               title=\"\"\n               class=\"gallery_link\"\n                                >\n                <picture>\n\t\n<source srcset='https:\/\/tompoky.cz\/wp-content\/gallery\/semafor-seznamka-party-michal-pesina-w-a-m-thomasoxy\/thumbs\/thumbs_455A3958.JPG' media=''>\n<img class=\"gallery_preview\" title=\"455A3958\" alt=\"455A3958\" style=\"max-width:none\" width=\"240\" height=\"160\" srcset=\"https:\/\/tompoky.cz\/wp-content\/gallery\/semafor-seznamka-party-michal-pesina-w-a-m-thomasoxy\/thumbs\/thumbs_455A3958.JPG\"\/>\n<\/picture>            <\/a>\n            <a href=\"https:\/\/tompoky.cz\/?page_id=22564\"\n               title=\"Semafor seznamka party - Michal Pe\u0161ina &amp; W.A.M. &amp;  ThomasOXY 10.12.2022\"\n               class=\"caption_link\" >Semafor seznamka party - Michal Pe\u0161ina &amp; W.A.M. &amp;  ThomasOXY 10.12.2022<\/a>\n            <div class=\"image_description\"><\/div>\n            <br class=\"clear\"\/>\n        <\/div>\n                    <div class='image_container'>\n            <a href=\"https:\/\/tompoky.cz\/?page_id=22556\"\n               title=\"\"\n               class=\"gallery_link\"\n                                >\n                <picture>\n\t\n<source srcset='https:\/\/tompoky.cz\/wp-content\/gallery\/atmo-music-live-26-11-2022\/thumbs\/thumbs_455A3633.JPG' media=''>\n<img class=\"gallery_preview\" title=\"455A3633\" alt=\"455A3633\" style=\"max-width:none\" width=\"240\" height=\"160\" srcset=\"https:\/\/tompoky.cz\/wp-content\/gallery\/atmo-music-live-26-11-2022\/thumbs\/thumbs_455A3633.JPG\"\/>\n<\/picture>            <\/a>\n            <a href=\"https:\/\/tompoky.cz\/?page_id=22556\"\n               title=\" ATMO MUSIC Live 26.11.2022\"\n               class=\"caption_link\" > ATMO MUSIC Live 26.11.2022<\/a>\n            <div class=\"image_description\"><\/div>\n            <br class=\"clear\"\/>\n        <\/div>\n                    <div class='image_container'>\n            <a href=\"https:\/\/tompoky.cz\/?page_id=22555\"\n               title=\"\"\n               class=\"gallery_link\"\n                                >\n                <picture>\n\t\n<source srcset='https:\/\/tompoky.cz\/wp-content\/gallery\/poletime-12-11-2022\/thumbs\/thumbs_455A2902.JPG' media=''>\n<img class=\"gallery_preview\" title=\"455A2902\" alt=\"455A2902\" style=\"max-width:none\" width=\"240\" height=\"160\" srcset=\"https:\/\/tompoky.cz\/wp-content\/gallery\/poletime-12-11-2022\/thumbs\/thumbs_455A2902.JPG\"\/>\n<\/picture>            <\/a>\n            <a href=\"https:\/\/tompoky.cz\/?page_id=22555\"\n               title=\" Polet\u00edme? 12.11.2022\"\n               class=\"caption_link\" > Polet\u00edme? 12.11.2022<\/a>\n            <div class=\"image_description\"><\/div>\n            <br class=\"clear\"\/>\n        <\/div>\n                    <div class='image_container'>\n            <a href=\"https:\/\/tompoky.cz\/?page_id=22554\"\n               title=\"\"\n               class=\"gallery_link\"\n                                >\n                <picture>\n\t\n<source srcset='https:\/\/tompoky.cz\/wp-content\/gallery\/pepino-party-22-10-2022\/thumbs\/thumbs_455A2214.JPG' media=''>\n<img class=\"gallery_preview\" title=\"455A2214\" alt=\"455A2214\" style=\"max-width:none\" width=\"240\" height=\"160\" srcset=\"https:\/\/tompoky.cz\/wp-content\/gallery\/pepino-party-22-10-2022\/thumbs\/thumbs_455A2214.JPG\"\/>\n<\/picture>            <\/a>\n            <a href=\"https:\/\/tompoky.cz\/?page_id=22554\"\n               title=\"Pepino p\u00e1rty 22.10.2022\"\n               class=\"caption_link\" >Pepino p\u00e1rty 22.10.2022<\/a>\n            <div class=\"image_description\"><\/div>\n            <br class=\"clear\"\/>\n        <\/div>\n                    <div class='image_container'>\n            <a href=\"https:\/\/tompoky.cz\/?page_id=22205\"\n               title=\"\"\n               class=\"gallery_link\"\n                                >\n                <picture>\n\t\n<source srcset='https:\/\/tompoky.cz\/wp-content\/gallery\/pololetni-pepino-party-michal-pesina-w-a-m-28-01-2022\/thumbs\/thumbs_455A1053.JPG' media=''>\n<img class=\"gallery_preview\" title=\"455A1053\" alt=\"455A1053\" style=\"max-width:none\" width=\"240\" height=\"160\" srcset=\"https:\/\/tompoky.cz\/wp-content\/gallery\/pololetni-pepino-party-michal-pesina-w-a-m-28-01-2022\/thumbs\/thumbs_455A1053.JPG\"\/>\n<\/picture>            <\/a>\n            <a href=\"https:\/\/tompoky.cz\/?page_id=22205\"\n               title=\"Pololetn\u00ed PEPINO party - Michal Pe\u0161ina &amp; W.A.M. 28.01.2022\"\n               class=\"caption_link\" >Pololetn\u00ed PEPINO party - Michal Pe\u0161ina &amp; W.A.M. 28.01.2022<\/a>\n            <div class=\"image_description\"><\/div>\n            <br class=\"clear\"\/>\n        <\/div>\n            <\/div>\n\n","protected":false},"excerpt":{"rendered":"","protected":false},"author":4,"featured_media":0,"parent":63,"menu_order":91,"comment_status":"closed","ping_status":"closed","template":"","meta":{"_mi_skip_tracking":false,"ngg_post_thumbnail":0},"_links":{"self":[{"href":"https:\/\/tompoky.cz\/index.php?rest_route=\/wp\/v2\/pages\/22207"}],"collection":[{"href":"https:\/\/tompoky.cz\/index.php?rest_route=\/wp\/v2\/pages"}],"about":[{"href":"https:\/\/tompoky.cz\/index.php?rest_route=\/wp\/v2\/types\/page"}],"author":[{"embeddable":true,"href":"https:\/\/tompoky.cz\/index.php?rest_route=\/wp\/v2\/users\/4"}],"replies":[{"embeddable":true,"href":"https:\/\/tompoky.cz\/index.php?rest_route=%2Fwp%2Fv2%2Fcomments&post=22207"}],"version-history":[{"count":2,"href":"https:\/\/tompoky.cz\/index.php?rest_route=\/wp\/v2\/pages\/22207\/revisions"}],"predecessor-version":[{"id":22210,"href":"https:\/\/tompoky.cz\/index.php?rest_route=\/wp\/v2\/pages\/22207\/revisions\/22210"}],"up":[{"embeddable":true,"href":"https:\/\/tompoky.cz\/index.php?rest_route=\/wp\/v2\/pages\/63"}],"wp:attachment":[{"href":"https:\/\/tompoky.cz\/index.php?rest_route=%2Fwp%2Fv2%2Fmedia&parent=22207"}],"curies":[{"name":"wp","href":"https:\/\/api.w.org\/{rel}","templated":true}]}}