{"id":20756,"date":"2019-01-13T19:35:55","date_gmt":"2019-01-13T18:35:55","guid":{"rendered":"http:\/\/tompoky.cz\/?page_id=20756"},"modified":"2019-01-13T20:07:50","modified_gmt":"2019-01-13T19:07:50","slug":"2019-2","status":"publish","type":"page","link":"https:\/\/tompoky.cz\/?page_id=20756","title":{"rendered":"2019"},"content":{"rendered":"<div class=\"ngg-pro-album nextgen_pro_list_album\" id=\"displayed_gallery_2157e43d5244178704e83d3f2e2e9a4d\">\n            <div class='image_container'>\n            <a href=\"https:\/\/tompoky.cz\/?page_id=21703\"\n               title=\"\"\n               class=\"gallery_link\"\n                                >\n                <picture>\n\t\n<source srcset='https:\/\/tompoky.cz\/wp-content\/gallery\/vanocni-pepino-party-27-12-2019\/thumbs\/thumbs_455A7395.JPG' media=''>\n<img class=\"gallery_preview\" title=\"455A7395\" alt=\"455A7395\" style=\"max-width:none\" width=\"240\" height=\"160\" srcset=\"https:\/\/tompoky.cz\/wp-content\/gallery\/vanocni-pepino-party-27-12-2019\/thumbs\/thumbs_455A7395.JPG\"\/>\n<\/picture>            <\/a>\n            <a href=\"https:\/\/tompoky.cz\/?page_id=21703\"\n               title=\"V\u00e1no\u010dn\u00ed Pepino party 27.12.2019\"\n               class=\"caption_link\" >V\u00e1no\u010dn\u00ed Pepino party 27.12.2019<\/a>\n            <div class=\"image_description\"><\/div>\n            <br class=\"clear\"\/>\n        <\/div>\n                    <div class='image_container'>\n            <a href=\"https:\/\/tompoky.cz\/?page_id=21618\"\n               title=\"\"\n               class=\"gallery_link\"\n                                >\n                <picture>\n\t\n<source srcset='https:\/\/tompoky.cz\/wp-content\/gallery\/mnaga-a-zdorp-treci-plochy-tour-2019-29-11-2019\/thumbs\/thumbs_455A6664.JPG' media=''>\n<img class=\"gallery_preview\" title=\"455A6664\" alt=\"455A6664\" style=\"max-width:none\" width=\"240\" height=\"160\" srcset=\"https:\/\/tompoky.cz\/wp-content\/gallery\/mnaga-a-zdorp-treci-plochy-tour-2019-29-11-2019\/thumbs\/thumbs_455A6664.JPG\"\/>\n<\/picture>            <\/a>\n            <a href=\"https:\/\/tompoky.cz\/?page_id=21618\"\n               title=\"M\u0148\u00e1ga a \u017d\u010forp -T\u0159ec\u00ed plochy tour 2019 - 29.11.2019\"\n               class=\"caption_link\" >M\u0148\u00e1ga a \u017d\u010forp -T\u0159ec\u00ed plochy tour 2019 - 29.11.2019<\/a>\n            <div class=\"image_description\"><\/div>\n            <br class=\"clear\"\/>\n        <\/div>\n                    <div class='image_container'>\n            <a href=\"https:\/\/tompoky.cz\/?page_id=21510\"\n               title=\"\"\n               class=\"gallery_link\"\n                                >\n                <picture>\n\t\n<source srcset='https:\/\/tompoky.cz\/wp-content\/gallery\/viktor-sheen-9-11-2019\/thumbs\/thumbs_455A5863.JPG' media=''>\n<img class=\"gallery_preview\" title=\"455A5863\" alt=\"455A5863\" style=\"max-width:none\" width=\"240\" height=\"160\" srcset=\"https:\/\/tompoky.cz\/wp-content\/gallery\/viktor-sheen-9-11-2019\/thumbs\/thumbs_455A5863.JPG\"\/>\n<\/picture>            <\/a>\n            <a href=\"https:\/\/tompoky.cz\/?page_id=21510\"\n               title=\"Viktor Sheen 9.11.2019\"\n               class=\"caption_link\" >Viktor Sheen 9.11.2019<\/a>\n            <div class=\"image_description\"><\/div>\n            <br class=\"clear\"\/>\n        <\/div>\n                    <div class='image_container'>\n            <a href=\"https:\/\/tompoky.cz\/?page_id=21130\"\n               title=\"\"\n               class=\"gallery_link\"\n                                >\n                <picture>\n\t\n<source srcset='https:\/\/tompoky.cz\/wp-content\/gallery\/dj-wich-6-4-2019\/thumbs\/thumbs_455A2268.JPG' media=''>\n<img class=\"gallery_preview\" title=\"455A2268\" alt=\"455A2268\" style=\"max-width:none\" width=\"240\" height=\"160\" srcset=\"https:\/\/tompoky.cz\/wp-content\/gallery\/dj-wich-6-4-2019\/thumbs\/thumbs_455A2268.JPG\"\/>\n<\/picture>            <\/a>\n            <a href=\"https:\/\/tompoky.cz\/?page_id=21130\"\n               title=\"DJ WICH 6.4.2019\"\n               class=\"caption_link\" >DJ WICH 6.4.2019<\/a>\n            <div class=\"image_description\"><\/div>\n            <br class=\"clear\"\/>\n        <\/div>\n                    <div class='image_container'>\n            <a href=\"https:\/\/tompoky.cz\/?page_id=21128\"\n               title=\"\"\n               class=\"gallery_link\"\n                                >\n                <picture>\n\t\n<source srcset='https:\/\/tompoky.cz\/wp-content\/gallery\/movebreakers-djs-stell-the-hepcat-max-w-30-3-2019\/thumbs\/thumbs_455A1783.JPG' media=''>\n<img class=\"gallery_preview\" title=\"455A1783\" alt=\"455A1783\" style=\"max-width:none\" width=\"240\" height=\"160\" srcset=\"https:\/\/tompoky.cz\/wp-content\/gallery\/movebreakers-djs-stell-the-hepcat-max-w-30-3-2019\/thumbs\/thumbs_455A1783.JPG\"\/>\n<\/picture>            <\/a>\n            <a href=\"https:\/\/tompoky.cz\/?page_id=21128\"\n               title=\"MoveBreakers + DJs Stell the HepCat &amp; Max W. 30.3.2019\"\n               class=\"caption_link\" >MoveBreakers + DJs Stell the HepCat &amp; Max W. 30.3.2019<\/a>\n            <div class=\"image_description\"><\/div>\n            <br class=\"clear\"\/>\n        <\/div>\n                    <div class='image_container'>\n            <a href=\"https:\/\/tompoky.cz\/?page_id=21131\"\n               title=\"\"\n               class=\"gallery_link\"\n                                >\n                <picture>\n\t\n<source srcset='https:\/\/tompoky.cz\/wp-content\/gallery\/pokac-laska-8-3-2019\/thumbs\/thumbs_455A0797.JPG' media=''>\n<img class=\"gallery_preview\" title=\"455A0797\" alt=\"455A0797\" style=\"max-width:none\" width=\"240\" height=\"160\" srcset=\"https:\/\/tompoky.cz\/wp-content\/gallery\/pokac-laska-8-3-2019\/thumbs\/thumbs_455A0797.JPG\"\/>\n<\/picture>            <\/a>\n            <a href=\"https:\/\/tompoky.cz\/?page_id=21131\"\n               title=\"POK\u00c1\u010c + L\u00e1ska 8.3.2019\"\n               class=\"caption_link\" >POK\u00c1\u010c + L\u00e1ska 8.3.2019<\/a>\n            <div class=\"image_description\"><\/div>\n            <br class=\"clear\"\/>\n        <\/div>\n                    <div class='image_container'>\n            <a href=\"https:\/\/tompoky.cz\/?page_id=21129\"\n               title=\"\"\n               class=\"gallery_link\"\n                                >\n                <picture>\n\t\n<source srcset='https:\/\/tompoky.cz\/wp-content\/gallery\/colectiv-and-band-2-3-2019\/thumbs\/thumbs_455A0445.JPG' media=''>\n<img class=\"gallery_preview\" title=\"455A0445\" alt=\"455A0445\" style=\"max-width:none\" width=\"240\" height=\"160\" srcset=\"https:\/\/tompoky.cz\/wp-content\/gallery\/colectiv-and-band-2-3-2019\/thumbs\/thumbs_455A0445.JPG\"\/>\n<\/picture>            <\/a>\n            <a href=\"https:\/\/tompoky.cz\/?page_id=21129\"\n               title=\"Colectiv and Band 2.3.2019\"\n               class=\"caption_link\" >Colectiv and Band 2.3.2019<\/a>\n            <div class=\"image_description\"><\/div>\n            <br class=\"clear\"\/>\n        <\/div>\n                    <div class='image_container'>\n            <a href=\"https:\/\/tompoky.cz\/?page_id=21132\"\n               title=\"\"\n               class=\"gallery_link\"\n                                >\n                <picture>\n\t\n<source srcset='https:\/\/tompoky.cz\/wp-content\/gallery\/oldies-slava-bloch-23-2-2019\/thumbs\/thumbs_455A9519.JPG' media=''>\n<img class=\"gallery_preview\" title=\"455A9519\" alt=\"455A9519\" style=\"max-width:none\" width=\"240\" height=\"160\" srcset=\"https:\/\/tompoky.cz\/wp-content\/gallery\/oldies-slava-bloch-23-2-2019\/thumbs\/thumbs_455A9519.JPG\"\/>\n<\/picture>            <\/a>\n            <a href=\"https:\/\/tompoky.cz\/?page_id=21132\"\n               title=\"Oldies - Sl\u00e1va BLOCH 23.2.2019\"\n               class=\"caption_link\" >Oldies - Sl\u00e1va BLOCH 23.2.2019<\/a>\n            <div class=\"image_description\"><\/div>\n            <br class=\"clear\"\/>\n        <\/div>\n                    <div class='image_container'>\n            <a href=\"https:\/\/tompoky.cz\/?page_id=20965\"\n               title=\"\"\n               class=\"gallery_link\"\n                                >\n                <picture>\n\t\n<source srcset='https:\/\/tompoky.cz\/wp-content\/gallery\/krest-evil-kybl-geroad-26-1-2019\/thumbs\/thumbs_455A3041.JPG' media=''>\n<img class=\"gallery_preview\" title=\"455A3041\" alt=\"455A3041\" style=\"max-width:none\" width=\"240\" height=\"160\" srcset=\"https:\/\/tompoky.cz\/wp-content\/gallery\/krest-evil-kybl-geroad-26-1-2019\/thumbs\/thumbs_455A3041.JPG\"\/>\n<\/picture>            <\/a>\n            <a href=\"https:\/\/tompoky.cz\/?page_id=20965\"\n               title=\"K\u0159est Evil K\u00fdbl &amp; Geroad 26.1.2019\"\n               class=\"caption_link\" >K\u0159est Evil K\u00fdbl &amp; Geroad 26.1.2019<\/a>\n            <div class=\"image_description\"><\/div>\n            <br class=\"clear\"\/>\n        <\/div>\n                    <div class='image_container'>\n            <a href=\"https:\/\/tompoky.cz\/?page_id=20760\"\n               title=\"\"\n               class=\"gallery_link\"\n                                >\n                <picture>\n\t\n<source srcset='https:\/\/tompoky.cz\/wp-content\/gallery\/ventolin-live-12-1-2019\/thumbs\/thumbs_455A2670.JPG' media=''>\n<img class=\"gallery_preview\" title=\"455A2670\" alt=\"455A2670\" style=\"max-width:none\" width=\"240\" height=\"160\" srcset=\"https:\/\/tompoky.cz\/wp-content\/gallery\/ventolin-live-12-1-2019\/thumbs\/thumbs_455A2670.JPG\"\/>\n<\/picture>            <\/a>\n            <a href=\"https:\/\/tompoky.cz\/?page_id=20760\"\n               title=\"Ventolin Live 12.1.2019\"\n               class=\"caption_link\" >Ventolin Live 12.1.2019<\/a>\n            <div class=\"image_description\"><\/div>\n            <br class=\"clear\"\/>\n        <\/div>\n                    <div class='image_container'>\n            <a href=\"https:\/\/tompoky.cz\/?page_id=20759\"\n               title=\"\"\n               class=\"gallery_link\"\n                                >\n                <picture>\n\t\n<source srcset='https:\/\/tompoky.cz\/wp-content\/gallery\/dj-basslicker-4-1-2019\/thumbs\/thumbs_455A2527.JPG' media=''>\n<img class=\"gallery_preview\" title=\"455A2527\" alt=\"455A2527\" style=\"max-width:none\" width=\"240\" height=\"160\" srcset=\"https:\/\/tompoky.cz\/wp-content\/gallery\/dj-basslicker-4-1-2019\/thumbs\/thumbs_455A2527.JPG\"\/>\n<\/picture>            <\/a>\n            <a href=\"https:\/\/tompoky.cz\/?page_id=20759\"\n               title=\"DJ Basslicker 4.1.2019\"\n               class=\"caption_link\" >DJ Basslicker 4.1.2019<\/a>\n            <div class=\"image_description\"><\/div>\n            <br class=\"clear\"\/>\n        <\/div>\n            <\/div>\n\n","protected":false},"excerpt":{"rendered":"","protected":false},"author":4,"featured_media":0,"parent":63,"menu_order":94,"comment_status":"closed","ping_status":"closed","template":"","meta":{"_mi_skip_tracking":false,"ngg_post_thumbnail":0},"_links":{"self":[{"href":"https:\/\/tompoky.cz\/index.php?rest_route=\/wp\/v2\/pages\/20756"}],"collection":[{"href":"https:\/\/tompoky.cz\/index.php?rest_route=\/wp\/v2\/pages"}],"about":[{"href":"https:\/\/tompoky.cz\/index.php?rest_route=\/wp\/v2\/types\/page"}],"author":[{"embeddable":true,"href":"https:\/\/tompoky.cz\/index.php?rest_route=\/wp\/v2\/users\/4"}],"replies":[{"embeddable":true,"href":"https:\/\/tompoky.cz\/index.php?rest_route=%2Fwp%2Fv2%2Fcomments&post=20756"}],"version-history":[{"count":3,"href":"https:\/\/tompoky.cz\/index.php?rest_route=\/wp\/v2\/pages\/20756\/revisions"}],"predecessor-version":[{"id":20872,"href":"https:\/\/tompoky.cz\/index.php?rest_route=\/wp\/v2\/pages\/20756\/revisions\/20872"}],"up":[{"embeddable":true,"href":"https:\/\/tompoky.cz\/index.php?rest_route=\/wp\/v2\/pages\/63"}],"wp:attachment":[{"href":"https:\/\/tompoky.cz\/index.php?rest_route=%2Fwp%2Fv2%2Fmedia&parent=20756"}],"curies":[{"name":"wp","href":"https:\/\/api.w.org\/{rel}","templated":true}]}}