{"id":17337,"date":"2018-01-25T18:23:52","date_gmt":"2018-01-25T17:23:52","guid":{"rendered":"http:\/\/tompoky.cz\/?page_id=17337"},"modified":"2018-02-10T14:55:46","modified_gmt":"2018-02-10T13:55:46","slug":"2018-2","status":"publish","type":"page","link":"https:\/\/tompoky.cz\/?page_id=17337","title":{"rendered":"2018"},"content":{"rendered":"<div class=\"ngg-pro-album nextgen_pro_list_album\" id=\"displayed_gallery_7d12e966f81162ccf9fdca8a5503a7a1\">\n            <div class='image_container'>\n            <a href=\"https:\/\/tompoky.cz\/?page_id=20758\"\n               title=\"\"\n               class=\"gallery_link\"\n                                >\n                <picture>\n\t\n<source srcset='https:\/\/tompoky.cz\/wp-content\/gallery\/silvestr-2018\/thumbs\/thumbs_455A2378.JPG' media=''>\n<img class=\"gallery_preview\" title=\"455A2378\" alt=\"455A2378\" style=\"max-width:none\" width=\"240\" height=\"160\" srcset=\"https:\/\/tompoky.cz\/wp-content\/gallery\/silvestr-2018\/thumbs\/thumbs_455A2378.JPG\"\/>\n<\/picture>            <\/a>\n            <a href=\"https:\/\/tompoky.cz\/?page_id=20758\"\n               title=\"Silvestr 2018\"\n               class=\"caption_link\" >Silvestr 2018<\/a>\n            <div class=\"image_description\"><\/div>\n            <br class=\"clear\"\/>\n        <\/div>\n                    <div class='image_container'>\n            <a href=\"https:\/\/tompoky.cz\/?page_id=20668\"\n               title=\"\"\n               class=\"gallery_link\"\n                                >\n                <picture>\n\t\n<source srcset='https:\/\/tompoky.cz\/wp-content\/gallery\/dnb-legends-pixie-akira-29-12-2018\/thumbs\/thumbs_455A2117.JPG' media=''>\n<img class=\"gallery_preview\" title=\"455A2117\" alt=\"455A2117\" style=\"max-width:none\" width=\"240\" height=\"160\" srcset=\"https:\/\/tompoky.cz\/wp-content\/gallery\/dnb-legends-pixie-akira-29-12-2018\/thumbs\/thumbs_455A2117.JPG\"\/>\n<\/picture>            <\/a>\n            <a href=\"https:\/\/tompoky.cz\/?page_id=20668\"\n               title=\"DnB Legends - PIXIE &amp; AKIRA 29.12.2018\"\n               class=\"caption_link\" >DnB Legends - PIXIE &amp; AKIRA 29.12.2018<\/a>\n            <div class=\"image_description\"><\/div>\n            <br class=\"clear\"\/>\n        <\/div>\n                    <div class='image_container'>\n            <a href=\"https:\/\/tompoky.cz\/?page_id=20558\"\n               title=\"\"\n               class=\"gallery_link\"\n                                >\n                <picture>\n\t\n<source srcset='https:\/\/tompoky.cz\/wp-content\/gallery\/psh-live-22-12-2018\/thumbs\/thumbs_455A0403.JPG' media=''>\n<img class=\"gallery_preview\" title=\"455A0403\" alt=\"455A0403\" style=\"max-width:none\" width=\"240\" height=\"160\" srcset=\"https:\/\/tompoky.cz\/wp-content\/gallery\/psh-live-22-12-2018\/thumbs\/thumbs_455A0403.JPG\"\/>\n<\/picture>            <\/a>\n            <a href=\"https:\/\/tompoky.cz\/?page_id=20558\"\n               title=\"PSH live 22.12.2018\"\n               class=\"caption_link\" >PSH live 22.12.2018<\/a>\n            <div class=\"image_description\"><\/div>\n            <br class=\"clear\"\/>\n        <\/div>\n                    <div class='image_container'>\n            <a href=\"https:\/\/tompoky.cz\/?page_id=20430\"\n               title=\"\"\n               class=\"gallery_link\"\n                                >\n                <picture>\n\t\n<source srcset='https:\/\/tompoky.cz\/wp-content\/gallery\/viktor-sheen-kyle-junior-24-11-2018\/thumbs\/thumbs_455A0009.JPG' media=''>\n<img class=\"gallery_preview\" title=\"455A0009\" alt=\"455A0009\" style=\"max-width:none\" width=\"240\" height=\"160\" srcset=\"https:\/\/tompoky.cz\/wp-content\/gallery\/viktor-sheen-kyle-junior-24-11-2018\/thumbs\/thumbs_455A0009.JPG\"\/>\n<\/picture>            <\/a>\n            <a href=\"https:\/\/tompoky.cz\/?page_id=20430\"\n               title=\"VIKTOR SHEEN + KYLE JUNIOR 24.11.2018\"\n               class=\"caption_link\" >VIKTOR SHEEN + KYLE JUNIOR 24.11.2018<\/a>\n            <div class=\"image_description\"><\/div>\n            <br class=\"clear\"\/>\n        <\/div>\n                    <div class='image_container'>\n            <a href=\"https:\/\/tompoky.cz\/?page_id=20175\"\n               title=\"\"\n               class=\"gallery_link\"\n                                >\n                <picture>\n\t\n<source srcset='https:\/\/tompoky.cz\/wp-content\/gallery\/renne-dang-e280a2-zmrdlife-3-tour-3-11-2018\/thumbs\/thumbs_455A8313.JPG' media=''>\n<img class=\"gallery_preview\" title=\"455A8313\" alt=\"455A8313\" style=\"max-width:none\" width=\"240\" height=\"160\" srcset=\"https:\/\/tompoky.cz\/wp-content\/gallery\/renne-dang-e280a2-zmrdlife-3-tour-3-11-2018\/thumbs\/thumbs_455A8313.JPG\"\/>\n<\/picture>            <\/a>\n            <a href=\"https:\/\/tompoky.cz\/?page_id=20175\"\n               title=\"Renne Dang \u2022 Zmrdlife 3 tour 3.11.2018\"\n               class=\"caption_link\" >Renne Dang \u2022 Zmrdlife 3 tour 3.11.2018<\/a>\n            <div class=\"image_description\"><\/div>\n            <br class=\"clear\"\/>\n        <\/div>\n                    <div class='image_container'>\n            <a href=\"https:\/\/tompoky.cz\/?page_id=20131\"\n               title=\"\"\n               class=\"gallery_link\"\n                                >\n                <picture>\n\t\n<source srcset='https:\/\/tompoky.cz\/wp-content\/gallery\/rich-basstien-ft-dave-trumpeteer-20-10-2018\/thumbs\/thumbs_455A8203.JPG' media=''>\n<img class=\"gallery_preview\" title=\"455A8203\" alt=\"455A8203\" style=\"max-width:none\" width=\"240\" height=\"160\" srcset=\"https:\/\/tompoky.cz\/wp-content\/gallery\/rich-basstien-ft-dave-trumpeteer-20-10-2018\/thumbs\/thumbs_455A8203.JPG\"\/>\n<\/picture>            <\/a>\n            <a href=\"https:\/\/tompoky.cz\/?page_id=20131\"\n               title=\"Rich &amp; Basstien ft. Dave Trumpeteer 20.10.2018\"\n               class=\"caption_link\" >Rich &amp; Basstien ft. Dave Trumpeteer 20.10.2018<\/a>\n            <div class=\"image_description\"><\/div>\n            <br class=\"clear\"\/>\n        <\/div>\n                    <div class='image_container'>\n            <a href=\"https:\/\/tompoky.cz\/?page_id=20091\"\n               title=\"\"\n               class=\"gallery_link\"\n                                >\n                <picture>\n\t\n<source srcset='https:\/\/tompoky.cz\/wp-content\/gallery\/andrea-pomeje-paul-bulva-w-a-m-5-10-2018\/thumbs\/thumbs_455A8020.JPG' media=''>\n<img class=\"gallery_preview\" title=\"455A8020\" alt=\"455A8020\" style=\"max-width:none\" width=\"240\" height=\"160\" srcset=\"https:\/\/tompoky.cz\/wp-content\/gallery\/andrea-pomeje-paul-bulva-w-a-m-5-10-2018\/thumbs\/thumbs_455A8020.JPG\"\/>\n<\/picture>            <\/a>\n            <a href=\"https:\/\/tompoky.cz\/?page_id=20091\"\n               title=\"Andrea Pomeje \/Paul Bulva\/W.A.M 5.10.2018\"\n               class=\"caption_link\" >Andrea Pomeje \/Paul Bulva\/W.A.M 5.10.2018<\/a>\n            <div class=\"image_description\"><\/div>\n            <br class=\"clear\"\/>\n        <\/div>\n                    <div class='image_container'>\n            <a href=\"https:\/\/tompoky.cz\/index.php\/nggallery\/galleries\/Refew-x-Sharlota-support:-Tomba-Bomba-29.9.2018?page_id=17337\"\n               title=\"\"\n               class=\"gallery_link\"\n                                >\n                <picture>\n\t\n<source srcset='https:\/\/tompoky.cz\/wp-content\/gallery\/refew-x-sharlota-support-tomba-bomba-29-9-2018\/thumbs\/thumbs_455A7444.JPG' media=''>\n<img class=\"gallery_preview\" title=\"455A7444\" alt=\"455A7444\" style=\"max-width:none\" width=\"240\" height=\"160\" srcset=\"https:\/\/tompoky.cz\/wp-content\/gallery\/refew-x-sharlota-support-tomba-bomba-29-9-2018\/thumbs\/thumbs_455A7444.JPG\"\/>\n<\/picture>            <\/a>\n            <a href=\"https:\/\/tompoky.cz\/index.php\/nggallery\/galleries\/Refew-x-Sharlota-support:-Tomba-Bomba-29.9.2018?page_id=17337\"\n               title=\"Refew x Sharlota support: Tomba Bomba 29.9.2018\"\n               class=\"caption_link\" >Refew x Sharlota support: Tomba Bomba 29.9.2018<\/a>\n            <div class=\"image_description\"><\/div>\n            <br class=\"clear\"\/>\n        <\/div>\n                    <div class='image_container'>\n            <a href=\"https:\/\/tompoky.cz\/index.php\/nggallery\/galleries\/Pepino-p\u00e1rty-28.9.2018?page_id=17337\"\n               title=\"\"\n               class=\"gallery_link\"\n                                >\n                <picture>\n\t\n<source srcset='https:\/\/tompoky.cz\/wp-content\/gallery\/pepino-party-28-9-2018\/thumbs\/thumbs_455A6848.JPG' media=''>\n<img class=\"gallery_preview\" title=\"455A6848\" alt=\"455A6848\" style=\"max-width:none\" width=\"240\" height=\"160\" srcset=\"https:\/\/tompoky.cz\/wp-content\/gallery\/pepino-party-28-9-2018\/thumbs\/thumbs_455A6848.JPG\"\/>\n<\/picture>            <\/a>\n            <a href=\"https:\/\/tompoky.cz\/index.php\/nggallery\/galleries\/Pepino-p\u00e1rty-28.9.2018?page_id=17337\"\n               title=\"Pepino p\u00e1rty 28.9.2018\"\n               class=\"caption_link\" >Pepino p\u00e1rty 28.9.2018<\/a>\n            <div class=\"image_description\"><\/div>\n            <br class=\"clear\"\/>\n        <\/div>\n                    <div class='image_container'>\n            <a href=\"https:\/\/tompoky.cz\/index.php\/nggallery\/galleries\/DJ-Basslicker-(Radio-KISS)-14.9.2018?page_id=17337\"\n               title=\"\"\n               class=\"gallery_link\"\n                                >\n                <picture>\n\t\n<source srcset='https:\/\/tompoky.cz\/wp-content\/gallery\/dj-basslicker-radio-kiss-14-9-2018\/thumbs\/thumbs_455A6559.JPG' media=''>\n<img class=\"gallery_preview\" title=\"455A6559\" alt=\"455A6559\" style=\"max-width:none\" width=\"240\" height=\"160\" srcset=\"https:\/\/tompoky.cz\/wp-content\/gallery\/dj-basslicker-radio-kiss-14-9-2018\/thumbs\/thumbs_455A6559.JPG\"\/>\n<\/picture>            <\/a>\n            <a href=\"https:\/\/tompoky.cz\/index.php\/nggallery\/galleries\/DJ-Basslicker-(Radio-KISS)-14.9.2018?page_id=17337\"\n               title=\"DJ Basslicker (Radio KISS) 14.9.2018\"\n               class=\"caption_link\" >DJ Basslicker (Radio KISS) 14.9.2018<\/a>\n            <div class=\"image_description\"><\/div>\n            <br class=\"clear\"\/>\n        <\/div>\n                    <div class='image_container'>\n            <a href=\"https:\/\/tompoky.cz\/index.php\/nggallery\/galleries\/Bassline-Squad-PRSNT-Get-Down-1.9.2018?page_id=17337\"\n               title=\"\"\n               class=\"gallery_link\"\n                                >\n                <picture>\n\t\n<source srcset='https:\/\/tompoky.cz\/wp-content\/gallery\/bassline-squad-prsnt-get-down-1-9-2018\/thumbs\/thumbs_455A6330.JPG' media=''>\n<img class=\"gallery_preview\" title=\"455A6330\" alt=\"455A6330\" style=\"max-width:none\" width=\"240\" height=\"160\" srcset=\"https:\/\/tompoky.cz\/wp-content\/gallery\/bassline-squad-prsnt-get-down-1-9-2018\/thumbs\/thumbs_455A6330.JPG\"\/>\n<\/picture>            <\/a>\n            <a href=\"https:\/\/tompoky.cz\/index.php\/nggallery\/galleries\/Bassline-Squad-PRSNT-Get-Down-1.9.2018?page_id=17337\"\n               title=\"Bassline Squad PRSNT Get Down 1.9.2018\"\n               class=\"caption_link\" >Bassline Squad PRSNT Get Down 1.9.2018<\/a>\n            <div class=\"image_description\"><\/div>\n            <br class=\"clear\"\/>\n        <\/div>\n                    <div class='image_container'>\n            <a href=\"https:\/\/tompoky.cz\/index.php\/nggallery\/galleries\/Pou\u0165ov\u00e1-Finlandia-party-18.8.2018?page_id=17337\"\n               title=\"\"\n               class=\"gallery_link\"\n                                >\n                <picture>\n\t\n<source srcset='https:\/\/tompoky.cz\/wp-content\/gallery\/poutova-finlandia-party-18-8-2018\/thumbs\/thumbs_455A4964.JPG' media=''>\n<img class=\"gallery_preview\" title=\"455A4964\" alt=\"455A4964\" style=\"max-width:none\" width=\"240\" height=\"160\" srcset=\"https:\/\/tompoky.cz\/wp-content\/gallery\/poutova-finlandia-party-18-8-2018\/thumbs\/thumbs_455A4964.JPG\"\/>\n<\/picture>            <\/a>\n            <a href=\"https:\/\/tompoky.cz\/index.php\/nggallery\/galleries\/Pou\u0165ov\u00e1-Finlandia-party-18.8.2018?page_id=17337\"\n               title=\"Pou\u0165ov\u00e1 Finlandia party 18.8.2018\"\n               class=\"caption_link\" >Pou\u0165ov\u00e1 Finlandia party 18.8.2018<\/a>\n            <div class=\"image_description\"><\/div>\n            <br class=\"clear\"\/>\n        <\/div>\n                    <div class='image_container'>\n            <a href=\"https:\/\/tompoky.cz\/index.php\/nggallery\/galleries\/PTK-live-9.6.2018?page_id=17337\"\n               title=\"\"\n               class=\"gallery_link\"\n                                >\n                <picture>\n\t\n<source srcset='https:\/\/tompoky.cz\/wp-content\/gallery\/ptk-live-9-6-2018\/thumbs\/thumbs_455A4727.JPG' media=''>\n<img class=\"gallery_preview\" title=\"455A4727\" alt=\"455A4727\" style=\"max-width:none\" width=\"240\" height=\"160\" srcset=\"https:\/\/tompoky.cz\/wp-content\/gallery\/ptk-live-9-6-2018\/thumbs\/thumbs_455A4727.JPG\"\/>\n<\/picture>            <\/a>\n            <a href=\"https:\/\/tompoky.cz\/index.php\/nggallery\/galleries\/PTK-live-9.6.2018?page_id=17337\"\n               title=\"PTK live 9.6.2018\"\n               class=\"caption_link\" >PTK live 9.6.2018<\/a>\n            <div class=\"image_description\"><\/div>\n            <br class=\"clear\"\/>\n        <\/div>\n                    <div class='image_container'>\n            <a href=\"https:\/\/tompoky.cz\/?page_id=18748\"\n               title=\"\"\n               class=\"gallery_link\"\n                                >\n                <picture>\n\t\n<source srcset='https:\/\/tompoky.cz\/wp-content\/gallery\/yzomandias-logic-nik-tendo-decky-14-4-2018\/thumbs\/thumbs_455A2585.JPG' media=''>\n<img class=\"gallery_preview\" title=\"455A2585\" alt=\"455A2585\" style=\"max-width:none\" width=\"240\" height=\"160\" srcset=\"https:\/\/tompoky.cz\/wp-content\/gallery\/yzomandias-logic-nik-tendo-decky-14-4-2018\/thumbs\/thumbs_455A2585.JPG\"\/>\n<\/picture>            <\/a>\n            <a href=\"https:\/\/tompoky.cz\/?page_id=18748\"\n               title=\"Yzomandias (Logic ) &amp; Nik Tendo &amp; Decky 14.4.2018\"\n               class=\"caption_link\" >Yzomandias (Logic ) &amp; Nik Tendo &amp; Decky 14.4.2018<\/a>\n            <div class=\"image_description\"><\/div>\n            <br class=\"clear\"\/>\n        <\/div>\n                    <div class='image_container'>\n            <a href=\"https:\/\/tompoky.cz\/?page_id=18649\"\n               title=\"\"\n               class=\"gallery_link\"\n                                >\n                <picture>\n\t\n<source srcset='https:\/\/tompoky.cz\/wp-content\/gallery\/vasiluv-rubas-vaclav-fiedler-zlomena-14-7-4-2018\/thumbs\/thumbs_455A1974.JPG' media=''>\n<img class=\"gallery_preview\" title=\"455A1974\" alt=\"455A1974\" style=\"max-width:none\" width=\"240\" height=\"160\" srcset=\"https:\/\/tompoky.cz\/wp-content\/gallery\/vasiluv-rubas-vaclav-fiedler-zlomena-14-7-4-2018\/thumbs\/thumbs_455A1974.JPG\"\/>\n<\/picture>            <\/a>\n            <a href=\"https:\/\/tompoky.cz\/?page_id=18649\"\n               title=\"Vasil\u016fv Rub\u00e1\u0161, V\u00e1clav Fiedler, Zlomen\u00e1 14 7.4.2018\"\n               class=\"caption_link\" >Vasil\u016fv Rub\u00e1\u0161, V\u00e1clav Fiedler, Zlomen\u00e1 14 7.4.2018<\/a>\n            <div class=\"image_description\"><\/div>\n            <br class=\"clear\"\/>\n        <\/div>\n                    <div class='image_container'>\n            <a href=\"https:\/\/tompoky.cz\/?page_id=18523\"\n               title=\"\"\n               class=\"gallery_link\"\n                                >\n                <picture>\n\t\n<source srcset='https:\/\/tompoky.cz\/wp-content\/gallery\/skyline-31-3-2018\/thumbs\/thumbs_455A1525.JPG' media=''>\n<img class=\"gallery_preview\" title=\"455A1525\" alt=\"455A1525\" style=\"max-width:none\" width=\"240\" height=\"160\" srcset=\"https:\/\/tompoky.cz\/wp-content\/gallery\/skyline-31-3-2018\/thumbs\/thumbs_455A1525.JPG\"\/>\n<\/picture>            <\/a>\n            <a href=\"https:\/\/tompoky.cz\/?page_id=18523\"\n               title=\"Skyline 31.3.2018\"\n               class=\"caption_link\" >Skyline 31.3.2018<\/a>\n            <div class=\"image_description\"><\/div>\n            <br class=\"clear\"\/>\n        <\/div>\n                    <div class='image_container'>\n            <a href=\"https:\/\/tompoky.cz\/?page_id=18361\"\n               title=\"\"\n               class=\"gallery_link\"\n                                >\n                <picture>\n\t\n<source srcset='https:\/\/tompoky.cz\/wp-content\/gallery\/udg-jakub-dekan-band-17-3-2018\/thumbs\/thumbs_455A1109.JPG' media=''>\n<img class=\"gallery_preview\" title=\"455A1109\" alt=\"455A1109\" style=\"max-width:none\" width=\"240\" height=\"160\" srcset=\"https:\/\/tompoky.cz\/wp-content\/gallery\/udg-jakub-dekan-band-17-3-2018\/thumbs\/thumbs_455A1109.JPG\"\/>\n<\/picture>            <\/a>\n            <a href=\"https:\/\/tompoky.cz\/?page_id=18361\"\n               title=\"UDG + Jakub D\u011bkan &amp; Band 17.3.2018\"\n               class=\"caption_link\" >UDG + Jakub D\u011bkan &amp; Band 17.3.2018<\/a>\n            <div class=\"image_description\"><\/div>\n            <br class=\"clear\"\/>\n        <\/div>\n                    <div class='image_container'>\n            <a href=\"https:\/\/tompoky.cz\/?page_id=18193\"\n               title=\"\"\n               class=\"gallery_link\"\n                                >\n                <picture>\n\t\n<source srcset='https:\/\/tompoky.cz\/wp-content\/gallery\/ee-the-fialky-10-3-2018\/thumbs\/thumbs_455A0384.JPG' media=''>\n<img class=\"gallery_preview\" title=\"455A0384\" alt=\"455A0384\" style=\"max-width:none\" width=\"240\" height=\"160\" srcset=\"https:\/\/tompoky.cz\/wp-content\/gallery\/ee-the-fialky-10-3-2018\/thumbs\/thumbs_455A0384.JPG\"\/>\n<\/picture>            <\/a>\n            <a href=\"https:\/\/tompoky.cz\/?page_id=18193\"\n               title=\"E!E &amp; The Fialky 10.3.2018\"\n               class=\"caption_link\" >E!E &amp; The Fialky 10.3.2018<\/a>\n            <div class=\"image_description\"><\/div>\n            <br class=\"clear\"\/>\n        <\/div>\n                    <div class='image_container'>\n            <a href=\"https:\/\/tompoky.cz\/?page_id=18194\"\n               title=\"\"\n               class=\"gallery_link\"\n                                >\n                <picture>\n\t\n<source srcset='https:\/\/tompoky.cz\/wp-content\/gallery\/dj-basslicker-9-3-2018\/thumbs\/thumbs_455A0321.JPG' media=''>\n<img class=\"gallery_preview\" title=\"455A0321\" alt=\"455A0321\" style=\"max-width:none\" width=\"240\" height=\"160\" srcset=\"https:\/\/tompoky.cz\/wp-content\/gallery\/dj-basslicker-9-3-2018\/thumbs\/thumbs_455A0321.JPG\"\/>\n<\/picture>            <\/a>\n            <a href=\"https:\/\/tompoky.cz\/?page_id=18194\"\n               title=\"DJ Basslicker 9.3.2018\"\n               class=\"caption_link\" >DJ Basslicker 9.3.2018<\/a>\n            <div class=\"image_description\"><\/div>\n            <br class=\"clear\"\/>\n        <\/div>\n                    <div class='image_container'>\n            <a href=\"https:\/\/tompoky.cz\/?page_id=17859\"\n               title=\"\"\n               class=\"gallery_link\"\n                                >\n                <picture>\n\t\n<source srcset='https:\/\/tompoky.cz\/wp-content\/gallery\/maniak-protiva-3-3-2018\/thumbs\/thumbs_1-1.JPG' media=''>\n<img class=\"gallery_preview\" title=\"1 (1)\" alt=\"1 (1)\" style=\"max-width:none\" width=\"240\" height=\"160\" srcset=\"https:\/\/tompoky.cz\/wp-content\/gallery\/maniak-protiva-3-3-2018\/thumbs\/thumbs_1-1.JPG\"\/>\n<\/picture>            <\/a>\n            <a href=\"https:\/\/tompoky.cz\/?page_id=17859\"\n               title=\"Maniak &amp; Protiva 3.3.2018\"\n               class=\"caption_link\" >Maniak &amp; Protiva 3.3.2018<\/a>\n            <div class=\"image_description\"><\/div>\n            <br class=\"clear\"\/>\n        <\/div>\n                    <div class='image_container'>\n            <a href=\"https:\/\/tompoky.cz\/?page_id=17424\"\n               title=\"\"\n               class=\"gallery_link\"\n                                >\n                <picture>\n\t\n<source srcset='https:\/\/tompoky.cz\/wp-content\/gallery\/pololetni-party-voxel-atmo-music-hank-the-beautifuls-27-1-2018\/thumbs\/thumbs_455A8732.JPG' media=''>\n<img class=\"gallery_preview\" title=\"455A8732\" alt=\"455A8732\" style=\"max-width:none\" width=\"240\" height=\"160\" srcset=\"https:\/\/tompoky.cz\/wp-content\/gallery\/pololetni-party-voxel-atmo-music-hank-the-beautifuls-27-1-2018\/thumbs\/thumbs_455A8732.JPG\"\/>\n<\/picture>            <\/a>\n            <a href=\"https:\/\/tompoky.cz\/?page_id=17424\"\n               title=\"Pololetn\u00ed party - VOXEL \/ ATMO MUSIC (HANK)\/ The Beautifuls 27.1.2018\"\n               class=\"caption_link\" >Pololetn\u00ed party - VOXEL \/ ATMO MUSIC (HANK)\/ The Beautifuls 27.1.2018<\/a>\n            <div class=\"image_description\"><\/div>\n            <br class=\"clear\"\/>\n        <\/div>\n                    <div class='image_container'>\n            <a href=\"https:\/\/tompoky.cz\/index.php\/nggallery\/galleries\/Captain-Morgan-party-12.1.2018?page_id=17337\"\n               title=\"\"\n               class=\"gallery_link\"\n                                >\n                <picture>\n\t\n<source srcset='https:\/\/tompoky.cz\/wp-content\/gallery\/captain-morgan-party-12-1-2018\/thumbs\/thumbs_455A0800.JPG' media=''>\n<img class=\"gallery_preview\" title=\"455A0800\" alt=\"455A0800\" style=\"max-width:none\" width=\"240\" height=\"160\" srcset=\"https:\/\/tompoky.cz\/wp-content\/gallery\/captain-morgan-party-12-1-2018\/thumbs\/thumbs_455A0800.JPG\"\/>\n<\/picture>            <\/a>\n            <a href=\"https:\/\/tompoky.cz\/index.php\/nggallery\/galleries\/Captain-Morgan-party-12.1.2018?page_id=17337\"\n               title=\"Captain Morgan party 12.1.2018\"\n               class=\"caption_link\" >Captain Morgan party 12.1.2018<\/a>\n            <div class=\"image_description\"><\/div>\n            <br class=\"clear\"\/>\n        <\/div>\n            <\/div>\n\n","protected":false},"excerpt":{"rendered":"","protected":false},"author":4,"featured_media":0,"parent":63,"menu_order":95,"comment_status":"closed","ping_status":"closed","template":"","meta":{"_mi_skip_tracking":false,"ngg_post_thumbnail":0},"_links":{"self":[{"href":"https:\/\/tompoky.cz\/index.php?rest_route=\/wp\/v2\/pages\/17337"}],"collection":[{"href":"https:\/\/tompoky.cz\/index.php?rest_route=\/wp\/v2\/pages"}],"about":[{"href":"https:\/\/tompoky.cz\/index.php?rest_route=\/wp\/v2\/types\/page"}],"author":[{"embeddable":true,"href":"https:\/\/tompoky.cz\/index.php?rest_route=\/wp\/v2\/users\/4"}],"replies":[{"embeddable":true,"href":"https:\/\/tompoky.cz\/index.php?rest_route=%2Fwp%2Fv2%2Fcomments&post=17337"}],"version-history":[{"count":3,"href":"https:\/\/tompoky.cz\/index.php?rest_route=\/wp\/v2\/pages\/17337\/revisions"}],"predecessor-version":[{"id":17550,"href":"https:\/\/tompoky.cz\/index.php?rest_route=\/wp\/v2\/pages\/17337\/revisions\/17550"}],"up":[{"embeddable":true,"href":"https:\/\/tompoky.cz\/index.php?rest_route=\/wp\/v2\/pages\/63"}],"wp:attachment":[{"href":"https:\/\/tompoky.cz\/index.php?rest_route=%2Fwp%2Fv2%2Fmedia&parent=17337"}],"curies":[{"name":"wp","href":"https:\/\/api.w.org\/{rel}","templated":true}]}}