{"id":11567,"date":"2017-02-12T15:30:49","date_gmt":"2017-02-12T14:30:49","guid":{"rendered":"http:\/\/tompoky.cz\/?page_id=11567"},"modified":"2017-02-12T15:33:05","modified_gmt":"2017-02-12T14:33:05","slug":"2015-2","status":"publish","type":"page","link":"https:\/\/tompoky.cz\/?page_id=11567","title":{"rendered":"2015"},"content":{"rendered":"<div class=\"ngg-pro-album nextgen_pro_grid_album\" id=\"displayed_gallery_577e09c5d949c4fbff21fc414e46b8c5\">\n            <div class='image_container'>\n            <a href=\"https:\/\/tompoky.cz\/?page_id=843\"\n               title=\"\"\n               class=\"gallery_link\"\n                                >\n                <picture>\n\t\n<source srcset='https:\/\/tompoky.cz\/wp-content\/gallery\/silvestr-2015\/thumbs\/thumbs_455A5113.JPG' media=''>\n<img class=\"gallery_preview\" title=\"455A5113\" alt=\"455A5113\" style=\"max-width:none\" width=\"240\" height=\"160\" srcset=\"https:\/\/tompoky.cz\/wp-content\/gallery\/silvestr-2015\/thumbs\/thumbs_455A5113.JPG\"\/>\n<\/picture>            <\/a>\n            <a href=\"https:\/\/tompoky.cz\/?page_id=843\"\n               title=\"Silvestr 2015\"\n               class=\"caption_link\" >Silvestr 2015<\/a>\n            <div class=\"image_description\"><\/div>\n            <br class=\"clear\"\/>\n        <\/div>\n                    <div class='image_container'>\n            <a href=\"https:\/\/tompoky.cz\/index.php\/nggallery\/galleries\/vanocni-special-psh-27-12-2015-pohoda?page_id=11567\"\n               title=\"\"\n               class=\"gallery_link\"\n                                >\n                <picture>\n\t\n<source srcset='https:\/\/tompoky.cz\/wp-content\/gallery\/vanocni-special-psh-27-12-2015-pohoda\/thumbs\/thumbs_455A4707.JPG' media=''>\n<img class=\"gallery_preview\" title=\"455A4707\" alt=\"455A4707\" style=\"max-width:none\" width=\"240\" height=\"160\" srcset=\"https:\/\/tompoky.cz\/wp-content\/gallery\/vanocni-special-psh-27-12-2015-pohoda\/thumbs\/thumbs_455A4707.JPG\"\/>\n<\/picture>            <\/a>\n            <a href=\"https:\/\/tompoky.cz\/index.php\/nggallery\/galleries\/vanocni-special-psh-27-12-2015-pohoda?page_id=11567\"\n               title=\"V\u00e1no\u010dn\u00ed speci\u00e1l PSH 27.12.2015 Pohoda\"\n               class=\"caption_link\" >V\u00e1no\u010dn\u00ed speci\u00e1l PSH 27.12.2015 Pohoda<\/a>\n            <div class=\"image_description\"><\/div>\n            <br class=\"clear\"\/>\n        <\/div>\n                    <div class='image_container'>\n            <a href=\"https:\/\/tompoky.cz\/index.php\/nggallery\/galleries\/vanocni-oldies-slava-bloch-25-12-2015?page_id=11567\"\n               title=\"\"\n               class=\"gallery_link\"\n                                >\n                <picture>\n\t\n<source srcset='https:\/\/tompoky.cz\/wp-content\/gallery\/vanocni-oldies-slava-bloch-25-12-2015\/thumbs\/thumbs_455A4495.JPG' media=''>\n<img class=\"gallery_preview\" title=\"455A4495\" alt=\"455A4495\" style=\"max-width:none\" width=\"240\" height=\"160\" srcset=\"https:\/\/tompoky.cz\/wp-content\/gallery\/vanocni-oldies-slava-bloch-25-12-2015\/thumbs\/thumbs_455A4495.JPG\"\/>\n<\/picture>            <\/a>\n            <a href=\"https:\/\/tompoky.cz\/index.php\/nggallery\/galleries\/vanocni-oldies-slava-bloch-25-12-2015?page_id=11567\"\n               title=\"V\u00e1no\u010dn\u00ed OLDIES - Sl\u00e1va BLOCH 25.12.2015\"\n               class=\"caption_link\" >V\u00e1no\u010dn\u00ed OLDIES - Sl\u00e1va BLOCH 25.12.2015<\/a>\n            <div class=\"image_description\"><\/div>\n            <br class=\"clear\"\/>\n        <\/div>\n            <\/div>\n\n","protected":false},"excerpt":{"rendered":"","protected":false},"author":4,"featured_media":0,"parent":63,"menu_order":99,"comment_status":"closed","ping_status":"closed","template":"","meta":{"_mi_skip_tracking":false,"ngg_post_thumbnail":0},"_links":{"self":[{"href":"https:\/\/tompoky.cz\/index.php?rest_route=\/wp\/v2\/pages\/11567"}],"collection":[{"href":"https:\/\/tompoky.cz\/index.php?rest_route=\/wp\/v2\/pages"}],"about":[{"href":"https:\/\/tompoky.cz\/index.php?rest_route=\/wp\/v2\/types\/page"}],"author":[{"embeddable":true,"href":"https:\/\/tompoky.cz\/index.php?rest_route=\/wp\/v2\/users\/4"}],"replies":[{"embeddable":true,"href":"https:\/\/tompoky.cz\/index.php?rest_route=%2Fwp%2Fv2%2Fcomments&post=11567"}],"version-history":[{"count":4,"href":"https:\/\/tompoky.cz\/index.php?rest_route=\/wp\/v2\/pages\/11567\/revisions"}],"predecessor-version":[{"id":11571,"href":"https:\/\/tompoky.cz\/index.php?rest_route=\/wp\/v2\/pages\/11567\/revisions\/11571"}],"up":[{"embeddable":true,"href":"https:\/\/tompoky.cz\/index.php?rest_route=\/wp\/v2\/pages\/63"}],"wp:attachment":[{"href":"https:\/\/tompoky.cz\/index.php?rest_route=%2Fwp%2Fv2%2Fmedia&parent=11567"}],"curies":[{"name":"wp","href":"https:\/\/api.w.org\/{rel}","templated":true}]}}